{"id":37,"date":"2014-02-04T18:00:08","date_gmt":"2014-02-04T16:00:08","guid":{"rendered":"http:\/\/www.djsteveo.de\/?page_id=37"},"modified":"2019-11-13T11:30:44","modified_gmt":"2019-11-13T09:30:44","slug":"impressum","status":"publish","type":"page","link":"http:\/\/www.djsteveo.de\/en\/impressum\/","title":{"rendered":"Imprint"},"content":{"rendered":"<p>This website is based in Germany, so we have to publish the german imprint version here.<\/p>\n<p><strong>Inhaber und Betreiber dieser Website<\/strong><br \/>\nDirty Black Entertainment<br \/>\nSteven Andre Gerhard<br \/>\nRosengasse 11 \u2022 35394 Giessen<br \/>\n<a href=\"mailto:knicksfan1983@gmail.com\" target=\"_blank\" rel=\"noopener\">email<\/a> \u2022 <a href=\"http:\/\/www.djsteveo.de\" target=\"_blank\" rel=\"noopener\">website<\/a><\/p>\n<p><strong>Webmaster<\/strong><br \/>\nabsoulute-designs.com<br \/>\nMatthias Valdorf<br \/>\n* zertifizierter Online-Publisher<br \/>\n* zertifizierter Tonassistent<br \/>\nOberweg 33 \u2022 D \u2013 82024 Taufkirchen<br \/>\n<a href=\"mailto:info@absoulute-designs.de\" target=\"_blank\" rel=\"noopener\">email<\/a> \u2022 <a href=\"http:\/\/www.absoulute-designs.com\" target=\"_blank\" rel=\"noopener\">website<\/a><\/p>\n<p align=\"justify\"><strong>Haftung f\u00fcr die Inhalte<\/strong><br \/>\nDie Inhalte unserer Seiten wurden mit gr\u00f6\u00dfter Sorgfalt erstellt. F\u00fcr die Richtigkeit, Vollst\u00e4ndigkeit und Aktualit\u00e4t der Inhalte k\u00f6nnen wir jedoch keine Gew\u00e4hr \u00fcbernehmen. Als Diensteanbieter sind wir gem\u00e4\u00df \u00a7 6 Abs.1 MDStV und \u00a7 8 Abs.1 TDG f\u00fcr eigene Inhalte auf diesen Seiten nach den allgemeinen Gesetzen verantwortlich. Diensteanbieter sind jedoch nicht verpflichtet, die von ihnen \u00fcbermittelten oder gespeicherten fremden Informationen zu \u00fcberwachen oder nach Umst\u00e4nden zu forschen, die auf eine rechtswidrige T\u00e4tigkeit hinweisen. Verpflichtungen zur Entfernung oder Sperrung der Nutzung von Informationen nach den allgemeinen Gesetzen bleiben hiervon unber\u00fchrt. Eine diesbez\u00fcgliche Haftung ist jedoch erst ab dem Zeitpunkt der Kenntnis einer konkreten Rechtsverletzung m\u00f6glich. Bei bekannt werden von entsprechenden Rechtsverletzungen werden wir diese Inhalte umgehend entfernen.<\/p>\n<p align=\"justify\"><strong>Haftung f\u00fcr Links<\/strong><br \/>\nUnser Angebot enth\u00e4lt Links zu externen Webseiten Dritter, auf deren Inhalte wir keinen Einfluss haben. Deshalb k\u00f6nnen wir f\u00fcr diese fremden Inhalte auch keine Gew\u00e4hr \u00fcbernehmen. F\u00fcr die Inhalte der verlinkten Seiten ist stets der jeweilige Anbieter oder Betreiber der Seiten verantwortlich. Die verlinkten Seiten wurden zum Zeitpunkt der Verlinkung auf m\u00f6gliche Rechtsverst\u00f6\u00dfe \u00fcberpr\u00fcft. Rechtswidrige Inhalte waren zum Zeitpunkt der Verlinkung nicht erkennbar. Eine permanente inhaltliche Kontrolle der verlinkten Seiten ist jedoch ohne konkrete Anhaltspunkte einer Rechtsverletzung nicht zumutbar. Bei bekannt werden von Rechtsverletzungen werden wir derartige Links umgehend entfernen.<\/p>\n<p align=\"justify\"><strong>Urheberrecht<\/strong><br \/>\nDie Betreiber der Seiten sind bem\u00fcht, stets die Urheberrechte anderer zu beachten bzw. auf selbst erstellte sowie lizenzfreie Werke zur\u00fcckzugreifen. Die durch die Seitenbetreiber erstellten Inhalte und Werke auf diesen Seiten unterliegen dem deutschen Urheberrecht. Beitr\u00e4ge Dritter sind als solche gekennzeichnet. Die Vervielf\u00e4ltigung, Bearbeitung, Verbreitung und jede Art der Verwertung au\u00dferhalb der Grenzen des Urheberrechtes bed\u00fcrfen der schriftlichen Zustimmung des jeweiligen Autors bzw. Erstellers. Downloads und Kopien dieser Seite sind nur f\u00fcr den privaten, nicht kommerziellen Gebrauch gestattet.<\/p>\n<p align=\"justify\"><strong>Datenschutz<\/strong><br \/>\nSoweit auf unseren Seiten personenbezogene Daten (beispielsweise Name, Anschrift oder eMail-Adressen) erhoben werden, erfolgt dies soweit m\u00f6glich stets auf freiwilliger Basis. Die Nutzung der Angebote und Dienste ist, soweit m\u00f6glich, stets ohne Angabe personenbezogener Daten m\u00f6glich. Der Nutzung von im Rahmen der Impressumspflicht ver\u00f6ffentlichten Kontaktdaten durch Dritte zur \u00dcbersendung von nicht ausdr\u00fccklich angeforderter Werbung und Informationsmaterialien wird hiermit ausdr\u00fccklich widersprochen. Die Betreiber der Seiten behalten sich ausdr\u00fccklich rechtliche Schritte im Falle der unverlangten Zusendung von Werbeinformationen, etwa durch Spam-Mails, vor.<\/p>\n","protected":false},"excerpt":{"rendered":"<p>This website is based in Germany, so we have to publish the german imprint version here. Inhaber und Betreiber dieser Website Dirty Black Entertainment Steven Andre Gerhard Rosengasse 11 \u2022 35394 Giessen email \u2022 website Webmaster absoulute-designs.com Matthias Valdorf * zertifizierter Online-Publisher * zertifizierter Tonassistent Oberweg 33 \u2022 D \u2013[&#8230;]<\/p>\n","protected":false},"author":1,"featured_media":0,"parent":0,"menu_order":0,"comment_status":"closed","ping_status":"open","template":"template-fullwidth.php","meta":{"spay_email":""},"translation":{"provider":"WPGlobus","version":"2.8.11","language":"en","enabled_languages":["de","en"],"languages":{"de":{"title":true,"content":true,"excerpt":false},"en":{"title":true,"content":true,"excerpt":false}}},"jetpack_sharing_enabled":true,"jetpack_shortlink":"https:\/\/wp.me\/P6gtED-B","_links":{"self":[{"href":"http:\/\/www.djsteveo.de\/en\/wp-json\/wp\/v2\/pages\/37"}],"collection":[{"href":"http:\/\/www.djsteveo.de\/en\/wp-json\/wp\/v2\/pages"}],"about":[{"href":"http:\/\/www.djsteveo.de\/en\/wp-json\/wp\/v2\/types\/page"}],"author":[{"embeddable":true,"href":"http:\/\/www.djsteveo.de\/en\/wp-json\/wp\/v2\/users\/1"}],"replies":[{"embeddable":true,"href":"http:\/\/www.djsteveo.de\/en\/wp-json\/wp\/v2\/comments?post=37"}],"version-history":[{"count":12,"href":"http:\/\/www.djsteveo.de\/en\/wp-json\/wp\/v2\/pages\/37\/revisions"}],"predecessor-version":[{"id":776,"href":"http:\/\/www.djsteveo.de\/en\/wp-json\/wp\/v2\/pages\/37\/revisions\/776"}],"wp:attachment":[{"href":"http:\/\/www.djsteveo.de\/en\/wp-json\/wp\/v2\/media?parent=37"}],"curies":[{"name":"wp","href":"https:\/\/api.w.org\/{rel}","templated":true}]}}